{"id":20,"date":"2022-06-21T08:15:12","date_gmt":"2022-06-21T08:15:12","guid":{"rendered":"https:\/\/turnierstall-tomeschat.de\/?page_id=20"},"modified":"2022-06-21T09:53:51","modified_gmt":"2022-06-21T09:53:51","slug":"ueber-uns","status":"publish","type":"page","link":"https:\/\/turnierstall-tomeschat.de\/","title":{"rendered":"\u00dcber uns"},"content":{"rendered":"\n<p><strong>Herzlich Willkommen<\/strong><\/p>\n\n\n\n<p>auf den Internetseiten vom Ausbildungs- und Turnierstall Tomeschat in Castrop-Rauxel. Wir freuen uns \u00fcber Ihren Besuch und hoffen, Ihnen auf unseren Seiten einige Informationen \u00fcber unsere Arbeit bieten zu k\u00f6nnen.<\/p>\n\n\n\n<p>Neben der Ausbildung und Turniervorstellung von jungen bis erfahrenen Pferden bildet auch die Ausbildung von Reitern auf unseren erfahrenen Schulpferden einen gro\u00dfen Schwerpunkt.<\/p>\n\n\n\n<p><\/p>\n","protected":false},"excerpt":{"rendered":"<p>Herzlich Willkommen auf den Internetseiten vom Ausbildungs- und Turnierstall Tomeschat in Castrop-Rauxel. Wir freuen uns \u00fcber Ihren Besuch und hoffen, Ihnen auf unseren Seiten einige Informationen \u00fcber unsere Arbeit bieten zu k\u00f6nnen. Neben der Ausbildung und Turniervorstellung von jungen bis &hellip; <a href=\"https:\/\/turnierstall-tomeschat.de\/\">Weiterlesen <span class=\"meta-nav\">&rarr;<\/span><\/a><\/p>\n","protected":false},"author":1,"featured_media":0,"parent":0,"menu_order":0,"comment_status":"closed","ping_status":"closed","template":"","meta":[],"_links":{"self":[{"href":"https:\/\/turnierstall-tomeschat.de\/index.php?rest_route=\/wp\/v2\/pages\/20"}],"collection":[{"href":"https:\/\/turnierstall-tomeschat.de\/index.php?rest_route=\/wp\/v2\/pages"}],"about":[{"href":"https:\/\/turnierstall-tomeschat.de\/index.php?rest_route=\/wp\/v2\/types\/page"}],"author":[{"embeddable":true,"href":"https:\/\/turnierstall-tomeschat.de\/index.php?rest_route=\/wp\/v2\/users\/1"}],"replies":[{"embeddable":true,"href":"https:\/\/turnierstall-tomeschat.de\/index.php?rest_route=%2Fwp%2Fv2%2Fcomments&post=20"}],"version-history":[{"count":5,"href":"https:\/\/turnierstall-tomeschat.de\/index.php?rest_route=\/wp\/v2\/pages\/20\/revisions"}],"predecessor-version":[{"id":67,"href":"https:\/\/turnierstall-tomeschat.de\/index.php?rest_route=\/wp\/v2\/pages\/20\/revisions\/67"}],"wp:attachment":[{"href":"https:\/\/turnierstall-tomeschat.de\/index.php?rest_route=%2Fwp%2Fv2%2Fmedia&parent=20"}],"curies":[{"name":"wp","href":"https:\/\/api.w.org\/{rel}","templated":true}]}}